{"id":12,"date":"2016-07-24T20:16:10","date_gmt":"2016-07-24T18:16:10","guid":{"rendered":"http:\/\/holzmann-eis.de\/?page_id=12"},"modified":"2023-01-07T20:25:22","modified_gmt":"2023-01-07T19:25:22","slug":"partytheke","status":"publish","type":"page","link":"http:\/\/holzmann-eis.de\/index.php\/partytheke\/","title":{"rendered":"Mobile Partytheke"},"content":{"rendered":"<p><strong>Unsere mobile Eistheke f\u00fcr deine Feier<\/strong><\/p>\n<p>Verw\u00f6hne deine G\u00e4ste mit einer originellen K\u00f6stlichkeit: frisches Holzmann-Eis aus unserer mobilen Eistheke.<\/p>\n<p>Miete unsere Partytheke z.B. zum Geburtstag, zur Hochzeit, Jubil\u00e4en aller Art, Firmenfeiern, Strassenfeste \u2026<\/p>\n<p>Das Set besteht aus unserer mobilen, handlichen Partytheke ( B 65 x T 65 x H 40 cm ) , drei Beh\u00e4ltern Eis (max. 6 Sorten nach deinem Wunsch frisch hergestellt), Thermobox, Eish\u00f6rnchen &amp; Eisbecher nach Bedarf, Eisl\u00f6ffel, Portionierer &#8211; allem, was du brauchst.<\/p>\n<p>Die Theke wird einfach auf einen\u00a0 Tisch ( im Schatten ) gestellt, mit einer Steckdose verbunden und schon hast du deine eigene kleine Eisdiele.<\/p>\n<p><strong>Toppings<\/strong>: Diverse Saucen 8 \u20ac \/ Flasche<\/p>\n<p><strong>Diverse Streusel<\/strong> 1,5 \u20ac \/ 100g\u00a0\u00a0\u00a0 Nussmix 2 \u20ac \/ 100g<\/p>\n<p><strong>Zus\u00e4tzlicher<\/strong> Eisbeh\u00e4lter a&#8217; 5 L &#8211; 60 \u20ac<\/p>\n<p>Sollte nach Deiner Feier noch Eis \u00fcbrig sein, kannst\u00a0 du das bequem zu Hause einfrieren da du die Eisbeh\u00e4lter nat\u00fcrlich behalten darfst.<\/p>\n<p>Dieses Set bieten wir ab 260 \u20ac inkl. Mwst. an und ist f\u00fcr Feiern ab ca. 60 Personen ideal.<\/p>\n<p><strong>Mietdauer\u00a0 24 Std<\/strong> &#8211; weitere 24 Std. kosten 30 \u20ac<\/p>\n<p><strong>Kaution<\/strong>: 200 \u20ac in bar bei Abholung.<\/p>\n<p>Bitte reserviere deinen Wunschtermin fr\u00fchzeitig, da die Wochenenden sehr begehrt sind und wir nur eine Theke haben.<\/p>\n","protected":false},"excerpt":{"rendered":"<p>Unsere mobile Eistheke f\u00fcr deine Feier Verw\u00f6hne deine G\u00e4ste mit einer originellen K\u00f6stlichkeit: frisches Holzmann-Eis aus unserer mobilen Eistheke. Miete unsere Partytheke z.B. zum Geburtstag, zur Hochzeit, Jubil\u00e4en aller Art, Firmenfeiern, Strassenfeste \u2026 Das Set besteht aus unserer mobilen, handlichen Partytheke ( B 65 x T 65 x H 40 cm ) , drei Beh\u00e4ltern&#8230; <\/p>\n<div class=\"link-more\"><a href=\"http:\/\/holzmann-eis.de\/index.php\/partytheke\/\">Weiterlesen<\/a><\/div>\n","protected":false},"author":1,"featured_media":349,"parent":0,"menu_order":3,"comment_status":"closed","ping_status":"closed","template":"","meta":{"footnotes":""},"_links":{"self":[{"href":"http:\/\/holzmann-eis.de\/index.php\/wp-json\/wp\/v2\/pages\/12"}],"collection":[{"href":"http:\/\/holzmann-eis.de\/index.php\/wp-json\/wp\/v2\/pages"}],"about":[{"href":"http:\/\/holzmann-eis.de\/index.php\/wp-json\/wp\/v2\/types\/page"}],"author":[{"embeddable":true,"href":"http:\/\/holzmann-eis.de\/index.php\/wp-json\/wp\/v2\/users\/1"}],"replies":[{"embeddable":true,"href":"http:\/\/holzmann-eis.de\/index.php\/wp-json\/wp\/v2\/comments?post=12"}],"version-history":[{"count":19,"href":"http:\/\/holzmann-eis.de\/index.php\/wp-json\/wp\/v2\/pages\/12\/revisions"}],"predecessor-version":[{"id":484,"href":"http:\/\/holzmann-eis.de\/index.php\/wp-json\/wp\/v2\/pages\/12\/revisions\/484"}],"wp:featuredmedia":[{"embeddable":true,"href":"http:\/\/holzmann-eis.de\/index.php\/wp-json\/wp\/v2\/media\/349"}],"wp:attachment":[{"href":"http:\/\/holzmann-eis.de\/index.php\/wp-json\/wp\/v2\/media?parent=12"}],"curies":[{"name":"wp","href":"https:\/\/api.w.org\/{rel}","templated":true}]}}