{"id":73,"date":"2016-07-30T13:23:43","date_gmt":"2016-07-30T11:23:43","guid":{"rendered":"http:\/\/holzmann-eis.de\/?page_id=73"},"modified":"2026-04-14T11:55:36","modified_gmt":"2026-04-14T09:55:36","slug":"oeffnungszeiten-anfahrt","status":"publish","type":"page","link":"http:\/\/holzmann-eis.de\/index.php\/oeffnungszeiten-anfahrt\/","title":{"rendered":"\u00d6ffnungszeiten &#038; Anfahrt"},"content":{"rendered":"<table border=\"0\" width=\"100%\" cellspacing=\"0\" cellpadding=\"0\">\n<tbody>\n<tr>\n<th scope=\"col\"><strong>Unsere \u00d6ffnungszeiten:<\/strong><\/p>\n<hr \/>\n<p><strong>T\u00e4glich,<\/strong> auch <strong>Sonn<\/strong>&#8211; und <strong>Feiertags<\/strong><\/p>\n<p>Bocholder Str. 23, Essen-Borbeck<br \/>\nt\u00e4glich von 12:00 bis 20:00 Uhr<\/p>\n<p>Aktienstr. 300, M\u00fclheim-Winkhausen:<br \/>\nt\u00e4glich von 12:00 bis 19:30 Uhr<\/th>\n<th scope=\"col\"><strong>So erreichen Sie uns: <\/strong>Eiskonditor Holzmann<br \/>\nBocholder Str. 23, Essen-Borbeck\u00a0 Fon: (+49) 2 01\/67 14 93<\/th>\n<\/tr>\n<\/tbody>\n<\/table>\n<p><iframe loading=\"lazy\" style=\"border: 0;\" src=\"https:\/\/www.google.com\/maps\/embed?pb=!1m18!1m12!1m3!1d2485.6319647848304!2d6.948211315605818!3d51.464913321630064!2m3!1f0!2f0!3f0!3m2!1i1024!2i768!4f13.1!3m3!1m2!1s0x47b8c26e66c536b9%3A0x5bbcf1bacf87eb3e!2sEiskonditor+Holzmann!5e0!3m2!1sde!2sde!4v1469878099187\" width=\"800\" height=\"450\" frameborder=\"0\" allowfullscreen=\"allowfullscreen\"><\/iframe><\/p>\n","protected":false},"excerpt":{"rendered":"<p>Unsere \u00d6ffnungszeiten: T\u00e4glich, auch Sonn&#8211; und Feiertags Bocholder Str. 23, Essen-Borbeck t\u00e4glich von 12:00 bis 20:00 Uhr Aktienstr. 300, M\u00fclheim-Winkhausen: t\u00e4glich von 12:00 bis 19:30 Uhr So erreichen Sie uns: Eiskonditor Holzmann Bocholder Str. 23, Essen-Borbeck\u00a0 Fon: (+49) 2 01\/67 14 93<\/p>\n","protected":false},"author":1,"featured_media":0,"parent":0,"menu_order":5,"comment_status":"closed","ping_status":"closed","template":"","meta":{"footnotes":""},"_links":{"self":[{"href":"http:\/\/holzmann-eis.de\/index.php\/wp-json\/wp\/v2\/pages\/73"}],"collection":[{"href":"http:\/\/holzmann-eis.de\/index.php\/wp-json\/wp\/v2\/pages"}],"about":[{"href":"http:\/\/holzmann-eis.de\/index.php\/wp-json\/wp\/v2\/types\/page"}],"author":[{"embeddable":true,"href":"http:\/\/holzmann-eis.de\/index.php\/wp-json\/wp\/v2\/users\/1"}],"replies":[{"embeddable":true,"href":"http:\/\/holzmann-eis.de\/index.php\/wp-json\/wp\/v2\/comments?post=73"}],"version-history":[{"count":42,"href":"http:\/\/holzmann-eis.de\/index.php\/wp-json\/wp\/v2\/pages\/73\/revisions"}],"predecessor-version":[{"id":578,"href":"http:\/\/holzmann-eis.de\/index.php\/wp-json\/wp\/v2\/pages\/73\/revisions\/578"}],"wp:attachment":[{"href":"http:\/\/holzmann-eis.de\/index.php\/wp-json\/wp\/v2\/media?parent=73"}],"curies":[{"name":"wp","href":"https:\/\/api.w.org\/{rel}","templated":true}]}}